{"id":25,"date":"2020-05-13T09:50:55","date_gmt":"2020-05-13T09:50:55","guid":{"rendered":"https:\/\/www.h-g.de\/?page_id=25"},"modified":"2025-07-21T18:59:06","modified_gmt":"2025-07-21T18:59:06","slug":"home","status":"publish","type":"page","link":"https:\/\/www.h-g.de\/","title":{"rendered":"#willkommen"},"content":{"rendered":"\n<h2 class=\"wp-block-heading\"><strong>MEDIATION &#8211; Sylvia &amp; Hans-Georg Class<\/strong><\/h2>\n\n\n\n<blockquote class=\"wp-block-quote has-text-align-right is-layout-flow wp-block-quote-is-layout-flow\">\n<p>Konflikte werden zum Anfang von etwas Neuem &#8211; wenn wir verstehen wollen.<em><span style=\"color:#12232a\" class=\"has-inline-color\"> <\/span><\/em><\/p>\n<\/blockquote>\n\n\n\n<p>Konflikte belasten \u2013 (Gesch\u00e4fts-) Beziehungen, den Alltag, das innere Gleichgewicht. Doch es gibt einen Weg zur\u00fcck zu Klarheit, Verst\u00e4ndnis und gegenseitigem Respekt. Mediation schafft Raum f\u00fcr ehrliches Zuh\u00f6ren, neue Perspektiven und gemeinsame L\u00f6sungen.<\/p>\n\n\n\n<p>Die langj\u00e4hrige Erfahrung lehrt: Jeder Konflikt ist einzigartig und belastend. Daher wird die Begleitung durch einen Mediator in jedem Konflikt als sehr entlastend beschrieben. <br><br>Wir sind f\u00fcr Sie da &#8230;<\/p>\n\n\n\n<ul class=\"wp-block-list\">\n<li>in Allparteilichkeit \/ Neutralit\u00e4t <\/li>\n\n\n\n<li>mit einem strukturierten Prozess (Perspektiven, Interessen, L\u00f6sungen)<\/li>\n\n\n\n<li>und bieten einen gesch\u00fctzten Raum f\u00fcr Kommunikation<\/li>\n\n\n\n<li>als &#8222;Dolmetscher&#8220; der Anliegen<\/li>\n<\/ul>\n\n\n\n<p><\/p>\n\n\n\n<p>Wie genau ist Mediation definiert? Dies ist im <a href=\"https:\/\/www.gesetze-im-internet.de\/mediationsg\/BJNR157710012.html\">Bundesgesetz Mediation<\/a> geregelt.<\/p>\n\n\n\n<p><strong>Alle Erstgespr\u00e4che sind \u00fcbrigens kostenfrei.<\/strong><\/p>\n\n\n\n<p><\/p>\n","protected":false},"excerpt":{"rendered":"<p>MEDIATION &#8211; Sylvia &amp; Hans-Georg Class Konflikte werden zum Anfang von etwas Neuem &#8211; wenn wir verstehen wollen. Konflikte belasten \u2013 (Gesch\u00e4fts-) Beziehungen, den Alltag, das innere Gleichgewicht. Doch es gibt einen Weg zur\u00fcck zu Klarheit, Verst\u00e4ndnis und gegenseitigem Respekt. Mediation schafft Raum f\u00fcr ehrliches Zuh\u00f6ren, neue Perspektiven und gemeinsame L\u00f6sungen. Die langj\u00e4hrige Erfahrung lehrt: &hellip; <\/p>\n<p class=\"link-more\"><a href=\"https:\/\/www.h-g.de\/\" class=\"more-link\"><span class=\"screen-reader-text\">\u201e#willkommen\u201c<\/span> weiterlesen<\/a><\/p>\n","protected":false},"author":1,"featured_media":0,"parent":0,"menu_order":0,"comment_status":"closed","ping_status":"closed","template":"","meta":{"footnotes":""},"class_list":["post-25","page","type-page","status-publish","hentry"],"_links":{"self":[{"href":"https:\/\/www.h-g.de\/index.php?rest_route=\/wp\/v2\/pages\/25","targetHints":{"allow":["GET"]}}],"collection":[{"href":"https:\/\/www.h-g.de\/index.php?rest_route=\/wp\/v2\/pages"}],"about":[{"href":"https:\/\/www.h-g.de\/index.php?rest_route=\/wp\/v2\/types\/page"}],"author":[{"embeddable":true,"href":"https:\/\/www.h-g.de\/index.php?rest_route=\/wp\/v2\/users\/1"}],"replies":[{"embeddable":true,"href":"https:\/\/www.h-g.de\/index.php?rest_route=%2Fwp%2Fv2%2Fcomments&post=25"}],"version-history":[{"count":39,"href":"https:\/\/www.h-g.de\/index.php?rest_route=\/wp\/v2\/pages\/25\/revisions"}],"predecessor-version":[{"id":187,"href":"https:\/\/www.h-g.de\/index.php?rest_route=\/wp\/v2\/pages\/25\/revisions\/187"}],"wp:attachment":[{"href":"https:\/\/www.h-g.de\/index.php?rest_route=%2Fwp%2Fv2%2Fmedia&parent=25"}],"curies":[{"name":"wp","href":"https:\/\/api.w.org\/{rel}","templated":true}]}}