{"id":179,"date":"2025-07-21T18:44:56","date_gmt":"2025-07-21T18:44:56","guid":{"rendered":"https:\/\/www.h-g.de\/?page_id=179"},"modified":"2025-07-21T18:53:06","modified_gmt":"2025-07-21T18:53:06","slug":"was-ist-mediation","status":"publish","type":"page","link":"https:\/\/www.h-g.de\/?page_id=179","title":{"rendered":"#was ist mediation"},"content":{"rendered":"\n<h3 class=\"wp-block-heading\"><strong>Was ist Mediation, und wie funktioniert sie?<\/strong><\/h3>\n\n\n\n<p>Nach dem deutschen <a href=\"https:\/\/www.gesetze-im-internet.de\/mediationsg\/BJNR157710012.html\">Mediationsgesetz<\/a>, ist Mediation &#8222;&#8230; ein vertrauliches und strukturiertes Verfahren, bei dem Parteien mithilfe eines oder mehrerer Mediatoren freiwillig und eigenverantwortlich eine einvernehmliche Beilegung ihres Konflikts anstreben.&#8220;<\/p>\n\n\n\n<h3 class=\"wp-block-heading\"><strong>Was ist Mediation NICHT?<\/strong><br>Mediation ist keine Rechtsberatung, und darf diese auch f\u00fcr keine Seite darstellen. Die Mediatoren haben jedoch sicherzustellen, dass die Beteiligten &#8211; soweit gew\u00fcnscht &#8211; f\u00fcr ihre Rechtsberatung Sorge getragen haben (um z.B. getroffene Vereinbarungen rechtlich pr\u00fcfen zu lassen).<\/h3>\n\n\n\n<h3 class=\"wp-block-heading\"><strong>Wie funktioniert Mediation? \u2013 Der Ablauf in f\u00fcnf Phasen<\/strong> (ALPHA-Modell)<\/h3>\n\n\n\n<p><strong>A \u2013 Auftragskl\u00e4rung<\/strong><br>Zun\u00e4chst wird in vorab Einzelgespr\u00e4chen gekl\u00e4rt, welche Themen jeweils in die Mediation eingebracht werden sollen und ob Mediation das individuell passende Verfahren ist. <\/p>\n\n\n\n<p><strong>L \u2013 Liste der Themen<\/strong><br>Die Konfliktparteien benennen die Themen, \u00fcber die sie sprechen m\u00f6chten. Diese werden gesammelt und strukturiert \u2013 ohne sie bereits zu bewerten oder zu l\u00f6sen. Ziel ist es, einen gemeinsamen \u00dcberblick \u00fcber die Konfliktfelder zu schaffen.<\/p>\n\n\n\n<p><strong>P \u2013 Positionen und Interessen<\/strong><br>In dieser Phase geht es darum, die Hintergr\u00fcnde der Positionen zu verstehen: Was steckt hinter den Forderungen? Welche Bed\u00fcrfnisse, Interessen oder auch Gef\u00fchle sind damit verbunden? Dies ist oft der Schl\u00fcssel zur L\u00f6sung.<\/p>\n\n\n\n<p><strong>H \u2013 Handlungsm\u00f6glichkeiten entwickeln<\/strong><br>Nun werden gemeinsam kreative L\u00f6sungsoptionen erarbeitet. Die Mediatorin oder der Mediator unterst\u00fctzt dabei, Ideen zu sammeln, ohne sie sofort zu bewerten. Erst danach werden die Vorschl\u00e4ge auf Umsetzbarkeit und Fairness gepr\u00fcft.<\/p>\n\n\n\n<p><strong>A \u2013 Abschlussvereinbarung<\/strong><br>Zum Schluss wird eine verbindliche Vereinbarung getroffen, die die gefundene L\u00f6sung festh\u00e4lt. Diese kann schriftlich fixiert werden und bildet die Grundlage f\u00fcr die zuk\u00fcnftige Zusammenarbeit oder das weitere Miteinander. Auch f\u00fcr die Nachhaltigkeit (Evaluation) wird hier sorge getragen.<\/p>\n\n\n\n<h3 class=\"wp-block-heading\"><strong>Wie lange dauert eine Mediation?<\/strong><\/h3>\n\n\n\n<p>Auf Grund ihrer Struktur, ist eine Mediation i.d.R. gut planbar und kalkulierbar.<\/p>\n\n\n\n<ul class=\"wp-block-list\">\n<li>je 1 Std.\/Person Vorgespr\u00e4ch<\/li>\n\n\n\n<li>2-3 Std. gemeinsame Auftragskl\u00e4rung (Themen und gemeinsame Ziele)<\/li>\n\n\n\n<li>4-6 Std. Perspektiven, Interessen, L\u00f6sungen<\/li>\n\n\n\n<li>2-3 Std. Evaluation (ca. 4-8 Wochen nach der Mediation)<\/li>\n<\/ul>\n\n\n\n<h3 class=\"wp-block-heading\"><strong>Was kostet Mediation?<\/strong><\/h3>\n\n\n\n<p>Eine nicht ganz einfach zu beantwortende Frage. <strong>Alle Vorgespr\u00e4che sind kostenfrei<\/strong>, bzw. in den Stundensatz der eigentlichen Mediation kalkuliert. Das gibt allen Beteiligten die Freiheit, ohne Risiko die Themen zu sortieren und sich bis zuletzt freiwillig pro \/ contra Mediation zu entscheiden. Generell k\u00f6nnen auch Pauschalangebote gemacht werden.<\/p>\n\n\n\n<figure class=\"wp-block-table\"><table class=\"has-fixed-layout\"><tbody><tr><td><strong>Privatpersonen<\/strong><\/td><td>75\u202f\u20ac\/Std.<\/td><td>z.B. Familien-, Nachbarschafts- oder Trennungskonflikte, Konflikte mit Handwerkern<\/td><\/tr><tr><td><strong>Non-Profit \/ Vereine<\/strong><\/td><td>95\u202f\u20ac\/Std.<\/td><td>z.B. Leitungskonflikte im Verein, Streit mit Mitgliedern<\/td><\/tr><tr><td><strong>Selbstst\u00e4ndige \/ K+mU<\/strong><\/td><td>120\u202f\u20ac\/Std.<\/td><td>z.B. Konflikte zwischen \/ mit Mitarbeitern, F\u00fchrungskr\u00e4fte, (Projekt)-Teams, Lieferanten<\/td><\/tr><tr><td><strong>Unternehmen (ab 50 MA)<\/strong><\/td><td>180\u202f\u20ac\/Std.<\/td><td>dito<\/td><\/tr><tr><td><strong>\u00d6ffentliche Einrichtungen<\/strong><\/td><td>125\u202f\u20ac\/Std.<\/td><td>dito<\/td><\/tr><tr><td><strong>Schulen \/ Bildungseinrichtungen<\/strong><\/td><td>95\u202f\u20ac\/Std.<\/td><td>Konflikte zwischen Lehrkr\u00e4ften, Eltern, Sch\u00fclern<\/td><\/tr><\/tbody><\/table><\/figure>\n\n\n\n<p><br><\/p>\n\n\n\n<p><\/p>\n","protected":false},"excerpt":{"rendered":"<p>Was ist Mediation, und wie funktioniert sie? Nach dem deutschen Mediationsgesetz, ist Mediation &#8222;&#8230; ein vertrauliches und strukturiertes Verfahren, bei dem Parteien mithilfe eines oder mehrerer Mediatoren freiwillig und eigenverantwortlich eine einvernehmliche Beilegung ihres Konflikts anstreben.&#8220; Was ist Mediation NICHT?Mediation ist keine Rechtsberatung, und darf diese auch f\u00fcr keine Seite darstellen. Die Mediatoren haben jedoch &hellip; <\/p>\n<p class=\"link-more\"><a href=\"https:\/\/www.h-g.de\/?page_id=179\" class=\"more-link\"><span class=\"screen-reader-text\">\u201e#was ist mediation\u201c<\/span> weiterlesen<\/a><\/p>\n","protected":false},"author":1,"featured_media":0,"parent":0,"menu_order":0,"comment_status":"closed","ping_status":"closed","template":"","meta":{"footnotes":""},"class_list":["post-179","page","type-page","status-publish","hentry"],"_links":{"self":[{"href":"https:\/\/www.h-g.de\/index.php?rest_route=\/wp\/v2\/pages\/179","targetHints":{"allow":["GET"]}}],"collection":[{"href":"https:\/\/www.h-g.de\/index.php?rest_route=\/wp\/v2\/pages"}],"about":[{"href":"https:\/\/www.h-g.de\/index.php?rest_route=\/wp\/v2\/types\/page"}],"author":[{"embeddable":true,"href":"https:\/\/www.h-g.de\/index.php?rest_route=\/wp\/v2\/users\/1"}],"replies":[{"embeddable":true,"href":"https:\/\/www.h-g.de\/index.php?rest_route=%2Fwp%2Fv2%2Fcomments&post=179"}],"version-history":[{"count":3,"href":"https:\/\/www.h-g.de\/index.php?rest_route=\/wp\/v2\/pages\/179\/revisions"}],"predecessor-version":[{"id":186,"href":"https:\/\/www.h-g.de\/index.php?rest_route=\/wp\/v2\/pages\/179\/revisions\/186"}],"wp:attachment":[{"href":"https:\/\/www.h-g.de\/index.php?rest_route=%2Fwp%2Fv2%2Fmedia&parent=179"}],"curies":[{"name":"wp","href":"https:\/\/api.w.org\/{rel}","templated":true}]}}