{"id":165,"date":"2025-07-21T17:48:22","date_gmt":"2025-07-21T17:48:22","guid":{"rendered":"https:\/\/www.h-g.de\/?page_id=165"},"modified":"2025-07-21T19:23:53","modified_gmt":"2025-07-21T19:23:53","slug":"mediation","status":"publish","type":"page","link":"https:\/\/www.h-g.de\/?page_id=165","title":{"rendered":"#mediation ja\/nein"},"content":{"rendered":"\n<h3 class=\"wp-block-heading\">Hier eine kleine Entscheidungshilfe, ob Mediation das f\u00fcr Sie und Ihre Konfliktbeteiligte(n) das richtige Instrument zur Konfliktl\u00f6sung ist:<\/h3>\n\n\n\n<h3 class=\"wp-block-heading\">&#x1f50d;&nbsp;<strong>Zum Konflikt selbst<\/strong><\/h3>\n\n\n\n<ul class=\"wp-block-list\">\n<li>M\u00f6chten Sie den Konflikt aktiv und eigenverantwortlich l\u00f6sen?<\/li>\n\n\n\n<li>Besteht grunds\u00e4tzlich Gespr\u00e4chsbereitschaft zwischen den Beteiligten?<\/li>\n\n\n\n<li>Ist es Ihnen wichtig, die Beziehung zur anderen Partei zu erhalten oder zu verbessern?<\/li>\n\n\n\n<li>Geht es Ihnen nicht nur um \u201eRecht haben\u201c, sondern auch um eine faire L\u00f6sung?<\/li>\n<\/ul>\n\n\n\n<h3 class=\"wp-block-heading\">&#x1f91d;&nbsp;<strong>Zur Haltung und Motivation<\/strong><\/h3>\n\n\n\n<ul class=\"wp-block-list\">\n<li>Sind Sie bereit, sich auf einen strukturierten Prozess einzulassen?<\/li>\n\n\n\n<li>K\u00f6nnen Sie sich vorstellen, die Sichtweise der anderen Partei anzuh\u00f6ren?<\/li>\n\n\n\n<li>W\u00e4ren Sie offen f\u00fcr kreative oder unkonventionelle L\u00f6sungen?<\/li>\n<\/ul>\n\n\n\n<h3 class=\"wp-block-heading\">&#x2696;&#xfe0f;&nbsp;<strong>Zur Abw\u00e4gung mit anderen Verfahren<\/strong><\/h3>\n\n\n\n<ul class=\"wp-block-list\">\n<li>M\u00f6chten Sie Zeit und Kosten eines Gerichtsverfahrens vermeiden?<\/li>\n\n\n\n<li>Ist Ihnen eine vertrauliche L\u00f6sung lieber als eine \u00f6ffentliche Auseinandersetzung?<\/li>\n\n\n\n<li>W\u00fcnschen Sie eine L\u00f6sung, die auf Konsens statt auf Urteil basiert?<\/li>\n<\/ul>\n\n\n\n<h3 class=\"wp-block-heading\">&#x1f6ab;&nbsp;<strong>Wann Mediation (noch) nicht sinnvoll ist<\/strong><\/h3>\n\n\n\n<ul class=\"wp-block-list\">\n<li>Besteht ein starkes Machtungleichgewicht, das nicht ausgeglichen werden kann?<\/li>\n\n\n\n<li>Liegt eine akute Bedrohung oder Gewalt vor?<\/li>\n\n\n\n<li>Ist eine Partei nicht bereit, freiwillig teilzunehmen?<\/li>\n<\/ul>\n\n\n\n<p><\/p>\n","protected":false},"excerpt":{"rendered":"<p>Hier eine kleine Entscheidungshilfe, ob Mediation das f\u00fcr Sie und Ihre Konfliktbeteiligte(n) das richtige Instrument zur Konfliktl\u00f6sung ist: &#x1f50d;&nbsp;Zum Konflikt selbst &#x1f91d;&nbsp;Zur Haltung und Motivation &#x2696;&#xfe0f;&nbsp;Zur Abw\u00e4gung mit anderen Verfahren &#x1f6ab;&nbsp;Wann Mediation (noch) nicht sinnvoll ist<\/p>\n","protected":false},"author":1,"featured_media":0,"parent":0,"menu_order":0,"comment_status":"closed","ping_status":"closed","template":"","meta":{"footnotes":""},"class_list":["post-165","page","type-page","status-publish","hentry"],"_links":{"self":[{"href":"https:\/\/www.h-g.de\/index.php?rest_route=\/wp\/v2\/pages\/165","targetHints":{"allow":["GET"]}}],"collection":[{"href":"https:\/\/www.h-g.de\/index.php?rest_route=\/wp\/v2\/pages"}],"about":[{"href":"https:\/\/www.h-g.de\/index.php?rest_route=\/wp\/v2\/types\/page"}],"author":[{"embeddable":true,"href":"https:\/\/www.h-g.de\/index.php?rest_route=\/wp\/v2\/users\/1"}],"replies":[{"embeddable":true,"href":"https:\/\/www.h-g.de\/index.php?rest_route=%2Fwp%2Fv2%2Fcomments&post=165"}],"version-history":[{"count":6,"href":"https:\/\/www.h-g.de\/index.php?rest_route=\/wp\/v2\/pages\/165\/revisions"}],"predecessor-version":[{"id":191,"href":"https:\/\/www.h-g.de\/index.php?rest_route=\/wp\/v2\/pages\/165\/revisions\/191"}],"wp:attachment":[{"href":"https:\/\/www.h-g.de\/index.php?rest_route=%2Fwp%2Fv2%2Fmedia&parent=165"}],"curies":[{"name":"wp","href":"https:\/\/api.w.org\/{rel}","templated":true}]}}